{"id":563,"date":"2025-08-11T21:35:26","date_gmt":"2025-08-12T00:35:26","guid":{"rendered":"https:\/\/shop.ricochet.uno\/?post_type=product&#038;p=563"},"modified":"2025-09-16T14:10:47","modified_gmt":"2025-09-16T17:10:47","slug":"leda-valladares-textos","status":"publish","type":"product","link":"https:\/\/shop.ricochet.uno\/index.php\/product\/leda-valladares-textos\/","title":{"rendered":"Leda Valladares &#8211; textos &#8211;"},"content":{"rendered":"<p>Esta compilaci\u00f3n re\u00fane los textos que acompa\u00f1an la serie de discos documentales conocidos como Mapa Musical de la Argentina. Tanto la autor\u00eda de los textos como la labor de recopilaci\u00f3n, preservaci\u00f3n y registro sonoro pertence a Leda Valladares.<\/p>\n<p>Esta publicaci\u00f3n busca rescatar no solo la palabra escrita, sino tambi\u00e9n una mirada que supo escuchar profundamente el territorio argentino y sus voces. En cada texto, Leda no se limita a describir canciones o t\u00e9cnicas musicales; transmite un pensamiento sobre el canto popular como forma de resistencia, como archivo vivo de las emociones, creencias y luchas de un pueblo.<\/p>\n<p>Los vinilos que acompa\u00f1an estos textos fueron grabados entre las d\u00e9cadas de 1950 y 1970, en un contexto en que el folclore comenzaba a institucionalizarse, muchas veces desligado de sus ra\u00edces. Leda Valladares emprendi\u00f3 entonces un viaje contracorriente: grabadora port\u00e1til en mano, recorri\u00f3 caminos de tierra, cerros, quebradas y llanuras, registrando<br \/>\nvoces an\u00f3nimas, ancestrales, aut\u00e9nticas, Locales. Voces que, de otro modo, se habr\u00edan perdido en el tiempo. Se sumerjio en los cantos m\u00e1s antiguos, en las tonadas olvidadas, en las voces de campesinos, bagualeras, copleras y m\u00fasicos que sosten\u00edan tradiciones orales sin saber que hac\u00edan historia.<\/p>\n<p>Esta edici\u00f3n de textos transcriptos directamente de los vinilos que ella misma produjo pone al alcance del lector el pensamiento de una investigadora y artista incansable que vivi\u00f3 la m\u00fasica como un acto de rebeli\u00f3n, sus palabras cargadas de creatividad, respeto y poes\u00eda lo evidencian.<\/p>\n<p>86 pg, blanco y negro , texto y fotos, tapa semidura<\/p>\n<p>Tama\u00f1o 10 x 15 cm<\/p>\n<p>100 copias<\/p>\n","protected":false},"excerpt":{"rendered":"<p>Esta compilaci\u00f3n re\u00fane los textos que acompa\u00f1an la serie de discos documentales conocidos como Mapa Musical de la Argentina. Tanto la autor\u00eda de los textos como la labor de recopilaci\u00f3n, preservaci\u00f3n y registro sonoro pertence a Leda Valladares. Tama\u00f1o pocket,\u00a0 10 x 15 cm, 86 pg, texto y fotos byn, tapa semidura.<\/p>\n","protected":false},"featured_media":572,"comment_status":"open","ping_status":"closed","template":"","meta":{"_monsterinsights_skip_tracking":false,"_monsterinsights_sitenote_active":false,"_monsterinsights_sitenote_note":"","_monsterinsights_sitenote_category":0},"product_brand":[],"product_cat":[17,22],"product_tag":[],"class_list":{"0":"post-563","1":"product","2":"type-product","3":"status-publish","4":"has-post-thumbnail","6":"product_cat-books","7":"product_cat-zines","9":"first","10":"instock","11":"shipping-taxable","12":"purchasable","13":"product-type-simple"},"aioseo_notices":[],"jetpack_sharing_enabled":true,"_links":{"self":[{"href":"https:\/\/shop.ricochet.uno\/index.php\/wp-json\/wp\/v2\/product\/563","targetHints":{"allow":["GET"]}}],"collection":[{"href":"https:\/\/shop.ricochet.uno\/index.php\/wp-json\/wp\/v2\/product"}],"about":[{"href":"https:\/\/shop.ricochet.uno\/index.php\/wp-json\/wp\/v2\/types\/product"}],"replies":[{"embeddable":true,"href":"https:\/\/shop.ricochet.uno\/index.php\/wp-json\/wp\/v2\/comments?post=563"}],"version-history":[{"count":8,"href":"https:\/\/shop.ricochet.uno\/index.php\/wp-json\/wp\/v2\/product\/563\/revisions"}],"predecessor-version":[{"id":587,"href":"https:\/\/shop.ricochet.uno\/index.php\/wp-json\/wp\/v2\/product\/563\/revisions\/587"}],"wp:featuredmedia":[{"embeddable":true,"href":"https:\/\/shop.ricochet.uno\/index.php\/wp-json\/wp\/v2\/media\/572"}],"wp:attachment":[{"href":"https:\/\/shop.ricochet.uno\/index.php\/wp-json\/wp\/v2\/media?parent=563"}],"wp:term":[{"taxonomy":"product_brand","embeddable":true,"href":"https:\/\/shop.ricochet.uno\/index.php\/wp-json\/wp\/v2\/product_brand?post=563"},{"taxonomy":"product_cat","embeddable":true,"href":"https:\/\/shop.ricochet.uno\/index.php\/wp-json\/wp\/v2\/product_cat?post=563"},{"taxonomy":"product_tag","embeddable":true,"href":"https:\/\/shop.ricochet.uno\/index.php\/wp-json\/wp\/v2\/product_tag?post=563"}],"curies":[{"name":"wp","href":"https:\/\/api.w.org\/{rel}","templated":true}]}}