{"id":524,"date":"2024-08-23T14:26:53","date_gmt":"2024-08-23T17:26:53","guid":{"rendered":"https:\/\/shop.ricochet.uno\/?post_type=product&#038;p=524"},"modified":"2025-07-15T14:43:30","modified_gmt":"2025-07-15T17:43:30","slug":"bbcrw","status":"publish","type":"product","link":"https:\/\/shop.ricochet.uno\/index.php\/product\/bbcrw\/","title":{"rendered":"Mujeres del BBC Radiophonic Workshop"},"content":{"rendered":"<p>Este libro compila las biografias de cuatro de cuatro mujeres que participaron del Taller Radiof\u00f3nico de la BBC, un espacio de creaci\u00f3n y experimentaci\u00f3n sonora que revolucion\u00f3 la creaci\u00f3n de efectos de sonido y musica para radio y televisi\u00f3n.<\/p>\n<p>Activo entre 1958 y 1997, por el laboratorio pasaron, entre muchas otras, Daphne Oram, Delia Derbyshire, Maddalena Fagandini y Elizabeth Parker.<\/p>\n<p>16 pg, full color, texto y fotos, tapa blanda<\/p>\n<p>Tama\u00f1o A5<\/p>\n<p>50 copias<\/p>\n","protected":false},"excerpt":{"rendered":"<p>Este libro compila las biografias de algunas de las mujeres que participaron del Taller Radiofonico de la BBC, un espacio de creacion y experimentacion sonora que revolucion\u00f3 la creaci\u00f3n de efectos de sonido y musica para radio y television.<\/p>\n<p>16 pg, color, texto y fotos ByN, soft cover<\/p>\n","protected":false},"featured_media":547,"comment_status":"open","ping_status":"closed","template":"","meta":{"_monsterinsights_skip_tracking":false,"_monsterinsights_sitenote_active":false,"_monsterinsights_sitenote_note":"","_monsterinsights_sitenote_category":0},"product_brand":[],"product_cat":[17,22],"product_tag":[],"class_list":{"0":"post-524","1":"product","2":"type-product","3":"status-publish","4":"has-post-thumbnail","6":"product_cat-books","7":"product_cat-zines","9":"first","10":"instock","11":"shipping-taxable","12":"purchasable","13":"product-type-simple"},"aioseo_notices":[],"jetpack_sharing_enabled":true,"_links":{"self":[{"href":"https:\/\/shop.ricochet.uno\/index.php\/wp-json\/wp\/v2\/product\/524","targetHints":{"allow":["GET"]}}],"collection":[{"href":"https:\/\/shop.ricochet.uno\/index.php\/wp-json\/wp\/v2\/product"}],"about":[{"href":"https:\/\/shop.ricochet.uno\/index.php\/wp-json\/wp\/v2\/types\/product"}],"replies":[{"embeddable":true,"href":"https:\/\/shop.ricochet.uno\/index.php\/wp-json\/wp\/v2\/comments?post=524"}],"version-history":[{"count":5,"href":"https:\/\/shop.ricochet.uno\/index.php\/wp-json\/wp\/v2\/product\/524\/revisions"}],"predecessor-version":[{"id":550,"href":"https:\/\/shop.ricochet.uno\/index.php\/wp-json\/wp\/v2\/product\/524\/revisions\/550"}],"wp:featuredmedia":[{"embeddable":true,"href":"https:\/\/shop.ricochet.uno\/index.php\/wp-json\/wp\/v2\/media\/547"}],"wp:attachment":[{"href":"https:\/\/shop.ricochet.uno\/index.php\/wp-json\/wp\/v2\/media?parent=524"}],"wp:term":[{"taxonomy":"product_brand","embeddable":true,"href":"https:\/\/shop.ricochet.uno\/index.php\/wp-json\/wp\/v2\/product_brand?post=524"},{"taxonomy":"product_cat","embeddable":true,"href":"https:\/\/shop.ricochet.uno\/index.php\/wp-json\/wp\/v2\/product_cat?post=524"},{"taxonomy":"product_tag","embeddable":true,"href":"https:\/\/shop.ricochet.uno\/index.php\/wp-json\/wp\/v2\/product_tag?post=524"}],"curies":[{"name":"wp","href":"https:\/\/api.w.org\/{rel}","templated":true}]}}