{"id":22,"date":"2022-01-08T18:41:41","date_gmt":"2022-01-08T21:41:41","guid":{"rendered":"http:\/\/shop.ricochet.uno\/?post_type=product&#038;p=22"},"modified":"2026-01-02T16:08:30","modified_gmt":"2026-01-02T19:08:30","slug":"entrevistas","status":"publish","type":"product","link":"https:\/\/shop.ricochet.uno\/index.php\/product\/entrevistas\/","title":{"rendered":"Entrevistas mujeres pioneras de la musica electronica"},"content":{"rendered":"<p>[OUT OF STOCK] Esta publicacion re\u00fane entrevistas con cuatro artistas que son pioneras en el campo de la m\u00fasica experimental electr\u00f3nica, traducidas al castellano desde su versi\u00f3n original.<\/p>\n<p>Clara Rockmore entrevistada por Robert Moog, Pauline Oliveros entrevistada por Miya Masaoka, Beatriz Ferreyra entrevistada por Jason Gross y Laurie Spiegel entrevistada por Dena Yago.<\/p>\n<p>110 p\u00e1ginas, ByN, soft cover. 2022, 2\u00ba Edici\u00f3n (1\u00ba ed. 2019 agotada)<\/p>\n","protected":false},"excerpt":{"rendered":"<p>[OUT OF STOCK] Entrevistas a cuatro artistas pioneras en el campo de la m\u00fasica experimental electr\u00f3nica. Clara Rockmore entrevistada por Robert Moog, Pauline Oliveros entrevistada por Miya Masaoka, Beatriz Ferreyra entrevistada por Jason Gross y Laurie Spiegel entrevistada por Dena Yago.<\/p>\n","protected":false},"featured_media":504,"comment_status":"open","ping_status":"closed","template":"","meta":{"_monsterinsights_skip_tracking":false,"_monsterinsights_sitenote_active":false,"_monsterinsights_sitenote_note":"","_monsterinsights_sitenote_category":0},"product_brand":[],"product_cat":[17,33],"product_tag":[],"class_list":{"0":"post-22","1":"product","2":"type-product","3":"status-publish","4":"has-post-thumbnail","6":"product_cat-books","7":"product_cat-oos","9":"first","10":"outofstock","11":"shipping-taxable","12":"product-type-simple"},"aioseo_notices":[],"jetpack_sharing_enabled":true,"_links":{"self":[{"href":"https:\/\/shop.ricochet.uno\/index.php\/wp-json\/wp\/v2\/product\/22","targetHints":{"allow":["GET"]}}],"collection":[{"href":"https:\/\/shop.ricochet.uno\/index.php\/wp-json\/wp\/v2\/product"}],"about":[{"href":"https:\/\/shop.ricochet.uno\/index.php\/wp-json\/wp\/v2\/types\/product"}],"replies":[{"embeddable":true,"href":"https:\/\/shop.ricochet.uno\/index.php\/wp-json\/wp\/v2\/comments?post=22"}],"version-history":[{"count":2,"href":"https:\/\/shop.ricochet.uno\/index.php\/wp-json\/wp\/v2\/product\/22\/revisions"}],"predecessor-version":[{"id":528,"href":"https:\/\/shop.ricochet.uno\/index.php\/wp-json\/wp\/v2\/product\/22\/revisions\/528"}],"wp:featuredmedia":[{"embeddable":true,"href":"https:\/\/shop.ricochet.uno\/index.php\/wp-json\/wp\/v2\/media\/504"}],"wp:attachment":[{"href":"https:\/\/shop.ricochet.uno\/index.php\/wp-json\/wp\/v2\/media?parent=22"}],"wp:term":[{"taxonomy":"product_brand","embeddable":true,"href":"https:\/\/shop.ricochet.uno\/index.php\/wp-json\/wp\/v2\/product_brand?post=22"},{"taxonomy":"product_cat","embeddable":true,"href":"https:\/\/shop.ricochet.uno\/index.php\/wp-json\/wp\/v2\/product_cat?post=22"},{"taxonomy":"product_tag","embeddable":true,"href":"https:\/\/shop.ricochet.uno\/index.php\/wp-json\/wp\/v2\/product_tag?post=22"}],"curies":[{"name":"wp","href":"https:\/\/api.w.org\/{rel}","templated":true}]}}